{"id":10229,"date":"2023-01-18T18:27:18","date_gmt":"2023-01-18T16:27:18","guid":{"rendered":"https:\/\/dev.zezz.ee\/garden\/toode\/dryopteris-wallichiana\/"},"modified":"2026-02-22T13:32:04","modified_gmt":"2026-02-22T11:32:04","slug":"dryopteris-wallichiana","status":"publish","type":"product","link":"https:\/\/dev.garden.ee\/en\/product\/dryopteris-wallichiana\/","title":{"rendered":"Dryopteris wallichiana"},"content":{"rendered":"<input class=\"fooboxshare_post_id\" type=\"hidden\" value=\"10229\"\/>","protected":false},"excerpt":{"rendered":"<p>Noor erkkollakasroheline lehestik moodustab lahti rulludes p\u00fcstiste tuttidega lehestiku. Hiljem avanevad lehed uhkelt laiali, luues maheda pilgup\u00fc\u00fcdja. Mustjaspruunid eosed katavad lehtede tagumist osa. Tugevalt karvased keskrood on kontrastselt tumepruuni v\u00e4rvi. Kasvab meelsasti koos hostade ning teiste niiskust armastavate taimedega.<\/p>\n<p>Hooldus: K\u00f5ik v\u00e4sinud v\u00e4limusega lehed tuleks kevadel eemaldada.<\/p>","protected":false},"featured_media":10230,"template":"","meta":[],"product_brand":[],"product_cat":[4406,4401,4399,4412,22],"product_tag":[],"class_list":{"0":"post-10229","1":"product","2":"type-product","3":"status-publish","4":"has-post-thumbnail","6":"product_cat-park","7":"product_cat-pusikud","8":"product_cat-sonajalad","9":"product_cat-varjuaed","10":"product_cat-taimed","11":"pa_kasvukorgus-100-cm","12":"pa_laius-70-cm","13":"pa_lisainfo-dekoratiivne-lehestik","14":"pa_lisainfo-sobib-osalise-varjuga-kasvualale","15":"pa_tingimused-keskmise-viljakusega","16":"pa_tingimused-niiske","17":"pa_tingimused-parasniiske","18":"pa_valguse-tingimused-poolvari","19":"pa_valguse-tingimused-vari","20":"pa_variatsioon-suurem-pott","21":"pa_variatsioon-vaiksem-pott","23":"first","24":"onbackorder","25":"purchasable","26":"product-type-variable"},"acf":[],"_links":{"self":[{"href":"https:\/\/dev.garden.ee\/en\/wp-json\/wp\/v2\/product\/10229","targetHints":{"allow":["GET"]}}],"collection":[{"href":"https:\/\/dev.garden.ee\/en\/wp-json\/wp\/v2\/product"}],"about":[{"href":"https:\/\/dev.garden.ee\/en\/wp-json\/wp\/v2\/types\/product"}],"wp:featuredmedia":[{"embeddable":true,"href":"https:\/\/dev.garden.ee\/en\/wp-json\/wp\/v2\/media\/10230"}],"wp:attachment":[{"href":"https:\/\/dev.garden.ee\/en\/wp-json\/wp\/v2\/media?parent=10229"}],"wp:term":[{"taxonomy":"product_brand","embeddable":true,"href":"https:\/\/dev.garden.ee\/en\/wp-json\/wp\/v2\/product_brand?post=10229"},{"taxonomy":"product_cat","embeddable":true,"href":"https:\/\/dev.garden.ee\/en\/wp-json\/wp\/v2\/product_cat?post=10229"},{"taxonomy":"product_tag","embeddable":true,"href":"https:\/\/dev.garden.ee\/en\/wp-json\/wp\/v2\/product_tag?post=10229"}],"curies":[{"name":"wp","href":"https:\/\/api.w.org\/{rel}","templated":true}]}}