{"id":1022,"date":"2023-01-18T16:59:50","date_gmt":"2023-01-18T14:59:50","guid":{"rendered":"https:\/\/dev.zezz.ee\/garden\/toode\/the-albrighton-rambler\/"},"modified":"2026-02-09T17:07:25","modified_gmt":"2026-02-09T15:07:25","slug":"the-albrighton-rambler","status":"publish","type":"product","link":"https:\/\/dev.garden.ee\/en\/product\/the-albrighton-rambler\/","title":{"rendered":"The Albrighton Rambler\u00ae"},"content":{"rendered":"<input class=\"fooboxshare_post_id\" type=\"hidden\" value=\"1022\"\/>","protected":false},"excerpt":{"rendered":"<p>Erinevalt tavalisest ramblerist, millel on liht- v\u00f5i poolt\u00e4idis\u00f5ied, on sel roosil v\u00e4ikesed kausja kujuga tihedalt t\u00e4idetud \u00f5rnroosad t\u00e4idis\u00f5ied, mis pleegivad ajaga veidi heledamaks. Kaunilt asetsevate kroonlehtede keskel on n\u00e4ha tillukene s\u00fcdamik. \u00d5ied tekivad elegantselt, suurte \u00f5isikutena rippuvate \u00f5ievartega ja j\u00e4tavad kauni \u00fcldmulje. Hea korduv\u00f5itseja. Suurep\u00e4rase tervisega ega n\u00f5ua palju hoolt. Vihm ei m\u00f5juta roosi \u00f5itsemist. Kergelt muskusel\u00f5hnalised \u00f5ied.<\/p>\n<p>Sobib kasvatamiseks k\u00f5rgel seinal, v\u00f5rel, kaarel, pergolal, sambal.<\/p>\n<p>Roosisort on oma nime saanud Albrightoni k\u00fcla j\u00e4rgi, tegemist on David Austini roosikasvatuse asukohaga. Nimetatud kiitmaks jalutajaid ja lapsevankriga liikujaid, kes tervise nimel Albrightoni k\u00fcla \u00fcmbruse radadel ja p\u00f5ldudel k\u00f5nnivad, kus asub ka lasteaed.<\/p>","protected":false},"featured_media":25118,"template":"","meta":[],"product_brand":[],"product_cat":[4415,4397,4416,4402,22],"product_tag":[],"class_list":{"0":"post-1022","1":"product","2":"type-product","3":"status-publish","4":"has-post-thumbnail","6":"product_cat-lilleaed","7":"product_cat-ronitaimed","8":"product_cat-roosiaed","9":"product_cat-roosid","10":"product_cat-taimed","11":"pa_aretus-david-austin","12":"pa_avalikustamisaasta-uhendkuningriik-2013","13":"pa_haiguskindlus-vaga-hea","14":"pa_kasvukorgus-ule-300-cm","15":"pa_laius-120-cm","16":"pa_lisainfo-ronitaim","17":"pa_lisainfo-sobib-osalise-varjuga-kasvualale","18":"pa_lohn-orn","19":"pa_lohn-kerge","20":"pa_lohn-muskuselaadne","21":"pa_oie-suurus-vaike","22":"pa_oie-varv-kahvaturoosa","23":"pa_oietuup-taidisois","24":"pa_oitsemine-korduvalt-oitsev","25":"pa_sort-rambler","26":"pa_talvekindlus-vaga-hea","27":"pa_variatsioon-paljasjuurne-ainult-kevadel","28":"pa_variatsioon-potis-4-6l-suvel-ja-sugisel","30":"first","31":"outofstock","32":"purchasable","33":"product-type-variable"},"acf":[],"_links":{"self":[{"href":"https:\/\/dev.garden.ee\/en\/wp-json\/wp\/v2\/product\/1022","targetHints":{"allow":["GET"]}}],"collection":[{"href":"https:\/\/dev.garden.ee\/en\/wp-json\/wp\/v2\/product"}],"about":[{"href":"https:\/\/dev.garden.ee\/en\/wp-json\/wp\/v2\/types\/product"}],"wp:featuredmedia":[{"embeddable":true,"href":"https:\/\/dev.garden.ee\/en\/wp-json\/wp\/v2\/media\/25118"}],"wp:attachment":[{"href":"https:\/\/dev.garden.ee\/en\/wp-json\/wp\/v2\/media?parent=1022"}],"wp:term":[{"taxonomy":"product_brand","embeddable":true,"href":"https:\/\/dev.garden.ee\/en\/wp-json\/wp\/v2\/product_brand?post=1022"},{"taxonomy":"product_cat","embeddable":true,"href":"https:\/\/dev.garden.ee\/en\/wp-json\/wp\/v2\/product_cat?post=1022"},{"taxonomy":"product_tag","embeddable":true,"href":"https:\/\/dev.garden.ee\/en\/wp-json\/wp\/v2\/product_tag?post=1022"}],"curies":[{"name":"wp","href":"https:\/\/api.w.org\/{rel}","templated":true}]}}