{"id":10197,"date":"2023-01-18T18:26:56","date_gmt":"2023-01-18T16:26:56","guid":{"rendered":"https:\/\/dev.zezz.ee\/garden\/toode\/asplenium-trichomanes\/"},"modified":"2026-02-17T01:15:12","modified_gmt":"2026-02-16T23:15:12","slug":"asplenium-trichomanes","status":"publish","type":"product","link":"https:\/\/dev.garden.ee\/en\/product\/asplenium-trichomanes\/","title":{"rendered":"Asplenium trichomanes"},"content":{"rendered":"<input class=\"fooboxshare_post_id\" type=\"hidden\" value=\"10197\"\/>","protected":false},"excerpt":{"rendered":"<p>Lehed lihtsulgjad, pisut j\u00e4igad, pikad ja kitsad, sulglehekesed \u00fcmarad v\u00f5i munajad. Leheroots kuni tipuni tumepruun ja l\u00e4ikiv.\u00a0Lubjalembene, kasvab kiviaedadel ja paepragudes.<\/p>","protected":false},"featured_media":10198,"template":"","meta":[],"product_brand":[],"product_cat":[4406,4401,4399,4412,22],"product_tag":[],"class_list":{"0":"post-10197","1":"product","2":"type-product","3":"status-publish","4":"has-post-thumbnail","6":"product_cat-park","7":"product_cat-pusikud","8":"product_cat-sonajalad","9":"product_cat-varjuaed","10":"product_cat-taimed","11":"pa_haiguskindlus-hea","12":"pa_kasvukorgus-10-30-cm","13":"pa_laius-30-40-cm","14":"pa_lisainfo-dekoratiivne-lehestik","15":"pa_lisainfo-sobib-osalise-varjuga-kasvualale","16":"pa_talvekindlus-hea","17":"pa_tingimused-hea-drenaaz","18":"pa_tingimused-lubjane","19":"pa_tsoon-4-9","20":"pa_valguse-tingimused-poolvari","21":"pa_variatsioon-suurem-pott","22":"pa_variatsioon-vaiksem-pott","24":"first","25":"instock","26":"purchasable","27":"product-type-variable"},"acf":[],"_links":{"self":[{"href":"https:\/\/dev.garden.ee\/en\/wp-json\/wp\/v2\/product\/10197","targetHints":{"allow":["GET"]}}],"collection":[{"href":"https:\/\/dev.garden.ee\/en\/wp-json\/wp\/v2\/product"}],"about":[{"href":"https:\/\/dev.garden.ee\/en\/wp-json\/wp\/v2\/types\/product"}],"wp:featuredmedia":[{"embeddable":true,"href":"https:\/\/dev.garden.ee\/en\/wp-json\/wp\/v2\/media\/10198"}],"wp:attachment":[{"href":"https:\/\/dev.garden.ee\/en\/wp-json\/wp\/v2\/media?parent=10197"}],"wp:term":[{"taxonomy":"product_brand","embeddable":true,"href":"https:\/\/dev.garden.ee\/en\/wp-json\/wp\/v2\/product_brand?post=10197"},{"taxonomy":"product_cat","embeddable":true,"href":"https:\/\/dev.garden.ee\/en\/wp-json\/wp\/v2\/product_cat?post=10197"},{"taxonomy":"product_tag","embeddable":true,"href":"https:\/\/dev.garden.ee\/en\/wp-json\/wp\/v2\/product_tag?post=10197"}],"curies":[{"name":"wp","href":"https:\/\/api.w.org\/{rel}","templated":true}]}}