{"id":10186,"date":"2023-01-18T18:26:48","date_gmt":"2023-01-18T16:26:48","guid":{"rendered":"https:\/\/dev.zezz.ee\/garden\/toode\/phlox-paniculata-blue-paradise\/"},"modified":"2026-03-05T20:47:18","modified_gmt":"2026-03-05T18:47:18","slug":"phlox-paniculata-blue-paradise","status":"publish","type":"product","link":"https:\/\/dev.garden.ee\/en\/product\/phlox-paniculata-blue-paradise\/","title":{"rendered":"Phlox paniculata &#8216;Blue Paradise&#8217;"},"content":{"rendered":"<input class=\"fooboxshare_post_id\" type=\"hidden\" value=\"10186\"\/>","protected":false},"excerpt":{"rendered":"<p>Kaunite sinakaslillade \u00f5itega aedfloksil on imeline aromaatsus, mis meelitab ligi ka liblikaid ning mesilasi. Igal \u00f5iel on fuksiin s\u00fcdamik. \u00d5isi kannavad\u00a0p\u00fcstised tumepunased varred, tumerohelise lehestikuga.<\/p>\n<p>Kaaslasena sobib nt\u00a0<em>Helenium<\/em> &#8216;Wyndley&#8217;<em>.<\/em><\/p>","protected":false},"featured_media":22896,"template":"","meta":[],"product_brand":[],"product_cat":[4415,6934,4401,22],"product_tag":[],"class_list":{"0":"post-10186","1":"product","2":"type-product","3":"status-publish","4":"has-post-thumbnail","6":"product_cat-lilleaed","7":"product_cat-mesilassobralik-aed","8":"product_cat-pusikud","9":"product_cat-taimed","10":"pa_moodud-k-80-cm-l-60-cm","11":"pa_oie-varv-lilla","12":"pa_oitsemise-aeg-juuli-september","13":"pa_talvekindlus-vaga-hea","14":"pa_tsoon-4-8","15":"pa_variatsioon-suurem-pott","16":"pa_variatsioon-vaiksem-pott","18":"first","19":"instock","20":"purchasable","21":"product-type-variable"},"acf":[],"_links":{"self":[{"href":"https:\/\/dev.garden.ee\/en\/wp-json\/wp\/v2\/product\/10186","targetHints":{"allow":["GET"]}}],"collection":[{"href":"https:\/\/dev.garden.ee\/en\/wp-json\/wp\/v2\/product"}],"about":[{"href":"https:\/\/dev.garden.ee\/en\/wp-json\/wp\/v2\/types\/product"}],"wp:featuredmedia":[{"embeddable":true,"href":"https:\/\/dev.garden.ee\/en\/wp-json\/wp\/v2\/media\/22896"}],"wp:attachment":[{"href":"https:\/\/dev.garden.ee\/en\/wp-json\/wp\/v2\/media?parent=10186"}],"wp:term":[{"taxonomy":"product_brand","embeddable":true,"href":"https:\/\/dev.garden.ee\/en\/wp-json\/wp\/v2\/product_brand?post=10186"},{"taxonomy":"product_cat","embeddable":true,"href":"https:\/\/dev.garden.ee\/en\/wp-json\/wp\/v2\/product_cat?post=10186"},{"taxonomy":"product_tag","embeddable":true,"href":"https:\/\/dev.garden.ee\/en\/wp-json\/wp\/v2\/product_tag?post=10186"}],"curies":[{"name":"wp","href":"https:\/\/api.w.org\/{rel}","templated":true}]}}