{"id":10177,"date":"2023-01-18T18:26:43","date_gmt":"2023-01-18T16:26:43","guid":{"rendered":"https:\/\/dev.zezz.ee\/garden\/toode\/phlox-paniculata-eva-cullum\/"},"modified":"2026-03-05T21:14:30","modified_gmt":"2026-03-05T19:14:30","slug":"phlox-paniculata-eva-cullum","status":"publish","type":"product","link":"https:\/\/dev.garden.ee\/en\/product\/phlox-paniculata-eva-cullum\/","title":{"rendered":"Phlox paniculata &#8216;Eva Cullum&#8217;"},"content":{"rendered":"<input class=\"fooboxshare_post_id\" type=\"hidden\" value=\"10177\"\/>","protected":false},"excerpt":{"rendered":"<p>Sordi erip\u00e4raks on suured erkroosad \u00f5ied tumeroosa s\u00fcdamikuga, mis moodustavad suuri k\u00f5rge varre otsas \u00f5\u00f5tsuvaid \u00f5isikup\u00e4id. Tumeroheline lehestik \u00fcmbritseb p\u00fcstise kasvuga varsi, mis t\u00e4nu oma tugevusele harva toestust vajavaid. Neutraalne kuni n\u00f5rgalt happeline muld on parim kasvupinnas, seal areneb taim k\u00f5ige paremini.<\/p>","protected":false},"featured_media":10178,"template":"","meta":[],"product_brand":[],"product_cat":[4415,6934,4401,22],"product_tag":[],"class_list":{"0":"post-10177","1":"product","2":"type-product","3":"status-publish","4":"has-post-thumbnail","6":"product_cat-lilleaed","7":"product_cat-mesilassobralik-aed","8":"product_cat-pusikud","9":"product_cat-taimed","10":"pa_haiguskindlus-vaga-hea","11":"pa_moodud-k-70-80-cm-l-40-50-cm","12":"pa_oie-varv-roosa","13":"pa_oitsemise-aeg-juuli-september","14":"pa_talvekindlus-vaga-hea","15":"pa_tsoon-4-8","16":"pa_variatsioon-suurem-pott","17":"pa_variatsioon-vaiksem-pott","19":"first","20":"instock","21":"purchasable","22":"product-type-variable"},"acf":[],"_links":{"self":[{"href":"https:\/\/dev.garden.ee\/en\/wp-json\/wp\/v2\/product\/10177","targetHints":{"allow":["GET"]}}],"collection":[{"href":"https:\/\/dev.garden.ee\/en\/wp-json\/wp\/v2\/product"}],"about":[{"href":"https:\/\/dev.garden.ee\/en\/wp-json\/wp\/v2\/types\/product"}],"wp:featuredmedia":[{"embeddable":true,"href":"https:\/\/dev.garden.ee\/en\/wp-json\/wp\/v2\/media\/10178"}],"wp:attachment":[{"href":"https:\/\/dev.garden.ee\/en\/wp-json\/wp\/v2\/media?parent=10177"}],"wp:term":[{"taxonomy":"product_brand","embeddable":true,"href":"https:\/\/dev.garden.ee\/en\/wp-json\/wp\/v2\/product_brand?post=10177"},{"taxonomy":"product_cat","embeddable":true,"href":"https:\/\/dev.garden.ee\/en\/wp-json\/wp\/v2\/product_cat?post=10177"},{"taxonomy":"product_tag","embeddable":true,"href":"https:\/\/dev.garden.ee\/en\/wp-json\/wp\/v2\/product_tag?post=10177"}],"curies":[{"name":"wp","href":"https:\/\/api.w.org\/{rel}","templated":true}]}}