{"id":10172,"date":"2023-01-18T18:26:40","date_gmt":"2023-01-18T16:26:40","guid":{"rendered":"https:\/\/dev.zezz.ee\/garden\/toode\/angelica-gigas\/"},"modified":"2026-02-16T18:29:46","modified_gmt":"2026-02-16T16:29:46","slug":"angelica-gigas","status":"publish","type":"product","link":"https:\/\/dev.garden.ee\/en\/product\/angelica-gigas\/","title":{"rendered":"Angelica gigas"},"content":{"rendered":"<input class=\"fooboxshare_post_id\" type=\"hidden\" value=\"10172\"\/>","protected":false},"excerpt":{"rendered":"<p>J\u00f5ulised, lillakaspunased, tugevasti harunevad varred, arvukad tihedad \u00f5isikud ja kikkaputkele iseloomulikud efektsed suured tumerohelised lehed sobivad eriti kivide taustale kruusaaeda. Julgete tumepurpursete toonidega v\u00e4rvunud \u00f5iepungad avanevad kuppeljates \u00f5isikutes ning meelitavad ligi liblikaid. \u00d5itseb juuli l\u00f5pust s\u00fcgiseni.\u00a0Taim vajab palju ruumi, kasvab suureks ja moodustab 45-80 cm l\u00e4bim\u00f5\u00f5duga p\u00f5\u00f5sa. Muld peab olema viljakas, eelistab kerget varju, rikkaid, piisavalt niisutatud, kuid mitte r\u00f5skeid muldi. Euroopas v\u00e4ga populaarne taim sarikaliste sugukonnast, mida kasutatakse aedades struktuurse dominandina.<\/p>","protected":false},"featured_media":10173,"template":"","meta":[],"product_brand":[],"product_cat":[4415,4401,22],"product_tag":[],"class_list":{"0":"post-10172","1":"product","2":"type-product","3":"status-publish","4":"has-post-thumbnail","6":"product_cat-lilleaed","7":"product_cat-pusikud","8":"product_cat-taimed","9":"pa_haiguskindlus-vaga-hea","10":"pa_kasvukorgus-120-150-cm","11":"pa_laius-50-80-cm","12":"pa_oie-varv-purpurne","13":"pa_oitsemise-aeg-juuli-september","14":"pa_talvekindlus-vaga-hea","15":"pa_tingimused-hea-drenaaz","16":"pa_tingimused-viljakas","17":"pa_tsoon-4-9","18":"pa_valguse-tingimused-paike","19":"pa_valguse-tingimused-poolvari","20":"pa_variatsioon-suurem-pott","21":"pa_variatsioon-vaiksem-pott","23":"first","24":"onbackorder","25":"purchasable","26":"product-type-variable"},"acf":[],"_links":{"self":[{"href":"https:\/\/dev.garden.ee\/en\/wp-json\/wp\/v2\/product\/10172","targetHints":{"allow":["GET"]}}],"collection":[{"href":"https:\/\/dev.garden.ee\/en\/wp-json\/wp\/v2\/product"}],"about":[{"href":"https:\/\/dev.garden.ee\/en\/wp-json\/wp\/v2\/types\/product"}],"wp:featuredmedia":[{"embeddable":true,"href":"https:\/\/dev.garden.ee\/en\/wp-json\/wp\/v2\/media\/10173"}],"wp:attachment":[{"href":"https:\/\/dev.garden.ee\/en\/wp-json\/wp\/v2\/media?parent=10172"}],"wp:term":[{"taxonomy":"product_brand","embeddable":true,"href":"https:\/\/dev.garden.ee\/en\/wp-json\/wp\/v2\/product_brand?post=10172"},{"taxonomy":"product_cat","embeddable":true,"href":"https:\/\/dev.garden.ee\/en\/wp-json\/wp\/v2\/product_cat?post=10172"},{"taxonomy":"product_tag","embeddable":true,"href":"https:\/\/dev.garden.ee\/en\/wp-json\/wp\/v2\/product_tag?post=10172"}],"curies":[{"name":"wp","href":"https:\/\/api.w.org\/{rel}","templated":true}]}}