{"id":10156,"date":"2023-01-18T18:26:29","date_gmt":"2023-01-18T16:26:29","guid":{"rendered":"https:\/\/dev.zezz.ee\/garden\/toode\/agastache-rugosa-alabaster\/"},"modified":"2026-02-13T16:10:04","modified_gmt":"2026-02-13T14:10:04","slug":"agastache-rugosa-alabaster","status":"publish","type":"product","link":"https:\/\/dev.garden.ee\/en\/product\/agastache-rugosa-alabaster\/","title":{"rendered":"Agastache rugosa &#8216;Alabaster&#8217;"},"content":{"rendered":"<input class=\"fooboxshare_post_id\" type=\"hidden\" value=\"10156\"\/>","protected":false},"excerpt":{"rendered":"<p>Selle sordi erip\u00e4ra on kreemvalgeid v\u00e4ikesed \u00f5iekesi t\u00e4is pikad, kohevad \u00f5iet\u00f5lvikud. Taimest levib om\u00e4rast aniisi, m\u00fcndi aroomi. L\u00f5hnavad nii \u00f5ied kui ka lehed.\u00a0Meelitab ligi mesilasi ja liblikaid. P\u00fcstised, kuni 90cm \u00f5ievarred. Sobib h\u00e4sti peenarde \u00e4\u00e4ristuseks v\u00f5i kohtadesse, kuhu soovitakse luua loodusl\u00e4hedast kooslust.\u00a0 Eelistab h\u00e4sti vett l\u00e4bilaskvat huumusrikast mulda ja p\u00e4ikeselist sooja kasvukohta, aga lepib ka tavalise aiamullaga.\u00a0\u00a0See sort v\u00f5ib uhkeldada oma pika \u00f5itseajaga, mida saab veelgi pikendada, kui l\u00f5igata h\u00e4\u00e4bunud \u00f5ievarred maha.<\/p>","protected":false},"featured_media":10157,"template":"","meta":[],"product_brand":[],"product_cat":[4407,4415,4414,9650,6934,4401,22],"product_tag":[],"class_list":{"0":"post-10156","1":"product","2":"type-product","3":"status-publish","4":"has-post-thumbnail","6":"product_cat-aasad","7":"product_cat-lilleaed","8":"product_cat-lohnaaed","9":"product_cat-looduslik-aed","10":"product_cat-mesilassobralik-aed","11":"product_cat-pusikud","12":"product_cat-taimed","13":"pa_haiguskindlus-hea","14":"pa_kasvukorgus-60-90-cm","15":"pa_laius-30-60-cm","16":"pa_lisainfo-mesilaste-lemmik","17":"pa_lohn-lohnav","18":"pa_oie-varv-valge","19":"pa_oitsemise-aeg-juuli-september","20":"pa_talvekindlus-vaga-hea","21":"pa_tingimused-hea-drenaaz","22":"pa_tingimused-viljakas","23":"pa_tsoon-5-9","24":"pa_valguse-tingimused-paike","25":"pa_variatsioon-suurem-pott","26":"pa_variatsioon-vaiksem-pott","28":"first","29":"instock","30":"purchasable","31":"product-type-variable"},"acf":[],"_links":{"self":[{"href":"https:\/\/dev.garden.ee\/en\/wp-json\/wp\/v2\/product\/10156","targetHints":{"allow":["GET"]}}],"collection":[{"href":"https:\/\/dev.garden.ee\/en\/wp-json\/wp\/v2\/product"}],"about":[{"href":"https:\/\/dev.garden.ee\/en\/wp-json\/wp\/v2\/types\/product"}],"wp:featuredmedia":[{"embeddable":true,"href":"https:\/\/dev.garden.ee\/en\/wp-json\/wp\/v2\/media\/10157"}],"wp:attachment":[{"href":"https:\/\/dev.garden.ee\/en\/wp-json\/wp\/v2\/media?parent=10156"}],"wp:term":[{"taxonomy":"product_brand","embeddable":true,"href":"https:\/\/dev.garden.ee\/en\/wp-json\/wp\/v2\/product_brand?post=10156"},{"taxonomy":"product_cat","embeddable":true,"href":"https:\/\/dev.garden.ee\/en\/wp-json\/wp\/v2\/product_cat?post=10156"},{"taxonomy":"product_tag","embeddable":true,"href":"https:\/\/dev.garden.ee\/en\/wp-json\/wp\/v2\/product_tag?post=10156"}],"curies":[{"name":"wp","href":"https:\/\/api.w.org\/{rel}","templated":true}]}}