{"id":10144,"date":"2023-01-18T18:26:21","date_gmt":"2023-01-18T16:26:21","guid":{"rendered":"https:\/\/dev.zezz.ee\/garden\/toode\/actaea-ramosa-pink-spike\/"},"modified":"2026-02-13T14:50:42","modified_gmt":"2026-02-13T12:50:42","slug":"actaea-ramosa-pink-spike","status":"publish","type":"product","link":"https:\/\/dev.garden.ee\/en\/product\/actaea-ramosa-pink-spike\/","title":{"rendered":"Actaea ramosa &#8216;Pink Spike&#8217;"},"content":{"rendered":"<input class=\"fooboxshare_post_id\" type=\"hidden\" value=\"10144\"\/>","protected":false},"excerpt":{"rendered":"<p>Pikad,\u00a0pudeliharja meenutavad aromaatsed ja roosakasvalged\u00a0\u00f5isikud tulevad erakordselt h\u00e4sti esile purpurmustade lehtede taustal. K\u00f5rgeks ja laiaks p\u00f5\u00f5saks arenev taim on varjulembene, valida tuleks poolvarjuline, hea drenaa\u017eiga kasvukoht, et just keskp\u00e4evane kuum p\u00e4ike talle otseselt peale ei paistaks. \u00d5itseb suve l\u00f5pus, s\u00fcgise algul. P\u00fcsik on hinnatud ka liblikate ja mesilaste poolt.\u00a0Sobitage kokku erinevate k\u00f5rrelistega, helmikp\u00f6\u00f6ristega v\u00f5i istutage r\u00fchma, eraldi klumbina.<\/p>","protected":false},"featured_media":23113,"template":"","meta":[],"product_brand":[],"product_cat":[4415,4414,4413,6934,4401,4412,22],"product_tag":[],"class_list":{"0":"post-10144","1":"product","2":"type-product","3":"status-publish","4":"has-post-thumbnail","6":"product_cat-lilleaed","7":"product_cat-lohnaaed","8":"product_cat-loikelilleaed","9":"product_cat-mesilassobralik-aed","10":"product_cat-pusikud","11":"product_cat-varjuaed","12":"product_cat-taimed","13":"pa_haiguskindlus-vaga-hea","14":"pa_lehestikuvarv-purpurne","15":"pa_lisainfo-mesilaste-lemmik","16":"pa_lisainfo-sobib-lohnaaeda","17":"pa_lisainfo-sobib-loikelilleks","18":"pa_lisainfo-sobib-osalise-varjuga-kasvualale","19":"pa_lohn-lohnav","20":"pa_moodud-l-60-cm","21":"pa_moodud-l-90-120-cm","22":"pa_oie-varv-roosa","23":"pa_oitsemise-aeg-august-oktoober","24":"pa_talvekindlus-vaga-hea","25":"pa_tingimused-hea-drenaaz","26":"pa_tingimused-parasniiske","27":"pa_tsoon-z-3-9","28":"pa_valguse-tingimused-poolvari","29":"pa_variatsioon-suurem-pott","30":"pa_variatsioon-vaiksem-pott","32":"first","33":"instock","34":"purchasable","35":"product-type-variable"},"acf":[],"_links":{"self":[{"href":"https:\/\/dev.garden.ee\/en\/wp-json\/wp\/v2\/product\/10144","targetHints":{"allow":["GET"]}}],"collection":[{"href":"https:\/\/dev.garden.ee\/en\/wp-json\/wp\/v2\/product"}],"about":[{"href":"https:\/\/dev.garden.ee\/en\/wp-json\/wp\/v2\/types\/product"}],"wp:featuredmedia":[{"embeddable":true,"href":"https:\/\/dev.garden.ee\/en\/wp-json\/wp\/v2\/media\/23113"}],"wp:attachment":[{"href":"https:\/\/dev.garden.ee\/en\/wp-json\/wp\/v2\/media?parent=10144"}],"wp:term":[{"taxonomy":"product_brand","embeddable":true,"href":"https:\/\/dev.garden.ee\/en\/wp-json\/wp\/v2\/product_brand?post=10144"},{"taxonomy":"product_cat","embeddable":true,"href":"https:\/\/dev.garden.ee\/en\/wp-json\/wp\/v2\/product_cat?post=10144"},{"taxonomy":"product_tag","embeddable":true,"href":"https:\/\/dev.garden.ee\/en\/wp-json\/wp\/v2\/product_tag?post=10144"}],"curies":[{"name":"wp","href":"https:\/\/api.w.org\/{rel}","templated":true}]}}