{"id":10140,"date":"2023-01-18T18:26:18","date_gmt":"2023-01-18T16:26:18","guid":{"rendered":"https:\/\/dev.zezz.ee\/garden\/toode\/phlox-paniculata-katherine\/"},"modified":"2026-03-05T21:21:13","modified_gmt":"2026-03-05T19:21:13","slug":"phlox-paniculata-katherine","status":"publish","type":"product","link":"https:\/\/dev.garden.ee\/en\/product\/phlox-paniculata-katherine\/","title":{"rendered":"Phlox paniculata &#8216;Katherine&#8217;"},"content":{"rendered":"<input class=\"fooboxshare_post_id\" type=\"hidden\" value=\"10140\"\/>","protected":false},"excerpt":{"rendered":"<p>Lavendlilillad \u00f5ied on valge s\u00fcdamikuga. Suurep\u00e4rane v\u00e4limus ning vastupidavus seenhaigustele muudavad sordi \u00fcheks parimaks aedflokside seas. Kui enamik \u00f5itsejaid on j\u00f5udnud oma suvise puhkepausini, siis aedfloksid on just \u00fched nende seast, kes pakuvad sel ajal vajalikku v\u00e4rvilaiku. Aedfloksid on juba ammustest aegadest \u00fched tuntuimad p\u00fcsikud p\u00fcsikupeenras.<\/p>","protected":false},"featured_media":10141,"template":"","meta":[],"product_brand":[],"product_cat":[4415,6934,4401,22],"product_tag":[],"class_list":{"0":"post-10140","1":"product","2":"type-product","3":"status-publish","4":"has-post-thumbnail","6":"product_cat-lilleaed","7":"product_cat-mesilassobralik-aed","8":"product_cat-pusikud","9":"product_cat-taimed","10":"pa_haiguskindlus-vaga-hea","11":"pa_moodud-k-70-cm-l-45-60-cm","12":"pa_oie-varv-lilla","13":"pa_oitsemise-aeg-juuli-september","14":"pa_talvekindlus-vaga-hea","15":"pa_tsoon-4-8","16":"pa_variatsioon-suurem-pott","17":"pa_variatsioon-vaiksem-pott","19":"first","20":"outofstock","21":"purchasable","22":"product-type-variable"},"acf":[],"_links":{"self":[{"href":"https:\/\/dev.garden.ee\/en\/wp-json\/wp\/v2\/product\/10140","targetHints":{"allow":["GET"]}}],"collection":[{"href":"https:\/\/dev.garden.ee\/en\/wp-json\/wp\/v2\/product"}],"about":[{"href":"https:\/\/dev.garden.ee\/en\/wp-json\/wp\/v2\/types\/product"}],"wp:featuredmedia":[{"embeddable":true,"href":"https:\/\/dev.garden.ee\/en\/wp-json\/wp\/v2\/media\/10141"}],"wp:attachment":[{"href":"https:\/\/dev.garden.ee\/en\/wp-json\/wp\/v2\/media?parent=10140"}],"wp:term":[{"taxonomy":"product_brand","embeddable":true,"href":"https:\/\/dev.garden.ee\/en\/wp-json\/wp\/v2\/product_brand?post=10140"},{"taxonomy":"product_cat","embeddable":true,"href":"https:\/\/dev.garden.ee\/en\/wp-json\/wp\/v2\/product_cat?post=10140"},{"taxonomy":"product_tag","embeddable":true,"href":"https:\/\/dev.garden.ee\/en\/wp-json\/wp\/v2\/product_tag?post=10140"}],"curies":[{"name":"wp","href":"https:\/\/api.w.org\/{rel}","templated":true}]}}