{"id":10135,"date":"2023-01-18T18:26:16","date_gmt":"2023-01-18T16:26:16","guid":{"rendered":"https:\/\/dev.zezz.ee\/garden\/toode\/lilium-pearl-white\/"},"modified":"2026-01-15T21:04:01","modified_gmt":"2026-01-15T19:04:01","slug":"lilium-pearl-white","status":"publish","type":"product","link":"https:\/\/dev.garden.ee\/en\/product\/lilium-pearl-white\/","title":{"rendered":"Lilium &#8216;Pearl White&#8217;"},"content":{"rendered":"<input class=\"fooboxshare_post_id\" type=\"hidden\" value=\"10135\"\/>","protected":false},"excerpt":{"rendered":"<p>Tugevate vartega, suurte ( 12 &#8211; 15 cm) t\u00e4hekujuliste \u00f5itega liilia. Kroonlehed kreemikasvalged, kaarduvad taha, avades roheka tooniga s\u00fcdamiku ja pikad oran\u017ei tipuga tolmukad. Varrel kuni 20 \u00f5isikut, v\u00e4ga kaunis efekt roheliste lehtede taustal. Sibula suurus 18+.<\/p>","protected":false},"featured_media":10136,"template":"","meta":[],"product_brand":[],"product_cat":[4403,4415,4413,4401,4391,22],"product_tag":[9417],"class_list":{"0":"post-10135","1":"product","2":"type-product","3":"status-publish","4":"has-post-thumbnail","6":"product_cat-kodu","7":"product_cat-lilleaed","8":"product_cat-loikelilleaed","9":"product_cat-pusikud","10":"product_cat-sibullilled","11":"product_cat-taimed","12":"product_tag-soodushind-50","13":"pa_lohn-lohnatu","14":"pa_moodud-k-100-120-cm","15":"pa_oie-varv-kreemjas","16":"pa_oitsemise-aeg-juuli","17":"pa_talvekindlus-vaga-hea","18":"pa_variatsioon-sibul-ainult-kevadel","19":"pa_variatsioon-suurem-pott","21":"first","22":"outofstock","23":"sale","24":"purchasable","25":"product-type-variable"},"acf":[],"_links":{"self":[{"href":"https:\/\/dev.garden.ee\/en\/wp-json\/wp\/v2\/product\/10135","targetHints":{"allow":["GET"]}}],"collection":[{"href":"https:\/\/dev.garden.ee\/en\/wp-json\/wp\/v2\/product"}],"about":[{"href":"https:\/\/dev.garden.ee\/en\/wp-json\/wp\/v2\/types\/product"}],"wp:featuredmedia":[{"embeddable":true,"href":"https:\/\/dev.garden.ee\/en\/wp-json\/wp\/v2\/media\/10136"}],"wp:attachment":[{"href":"https:\/\/dev.garden.ee\/en\/wp-json\/wp\/v2\/media?parent=10135"}],"wp:term":[{"taxonomy":"product_brand","embeddable":true,"href":"https:\/\/dev.garden.ee\/en\/wp-json\/wp\/v2\/product_brand?post=10135"},{"taxonomy":"product_cat","embeddable":true,"href":"https:\/\/dev.garden.ee\/en\/wp-json\/wp\/v2\/product_cat?post=10135"},{"taxonomy":"product_tag","embeddable":true,"href":"https:\/\/dev.garden.ee\/en\/wp-json\/wp\/v2\/product_tag?post=10135"}],"curies":[{"name":"wp","href":"https:\/\/api.w.org\/{rel}","templated":true}]}}