{"id":10123,"date":"2023-01-18T18:26:10","date_gmt":"2023-01-18T16:26:10","guid":{"rendered":"https:\/\/dev.zezz.ee\/garden\/toode\/lilium-lady-alice\/"},"modified":"2026-01-15T20:44:58","modified_gmt":"2026-01-15T18:44:58","slug":"lilium-lady-alice","status":"publish","type":"product","link":"https:\/\/dev.garden.ee\/en\/product\/lilium-lady-alice\/","title":{"rendered":"Lilium &#8216;Lady Alice&#8217;"},"content":{"rendered":"<input class=\"fooboxshare_post_id\" type=\"hidden\" value=\"10123\"\/>","protected":false},"excerpt":{"rendered":"<p>Idah\u00fcbriid trompetliilia p\u00f5hitoon on valge, oran\u017ei keskosa ja purpursete t\u00e4ppidega \u00f5is on kuni 15 cm l\u00e4bim\u00f5\u00f5duga, trompetikujuline, kroonlehed pisut tagasi kaardus. V\u00e4ga efektsed, silmatorkavad tolmukad. Liilia omap\u00e4ra on varieeruvas \u00f5ietoonis, kas peaaegu valge v\u00f5i kuni \u00fcleni oran\u017eini. Lehed p\u00fcsivad kaunilt rohelised kogu hooaja jooksul. Vars tugev. Istutada p\u00e4ikeselisse kasvukohta. Kohanemiseks v\u00f5tab pisut rohkem aega, kuid meelep\u00e4rastes tingimustes kasvab \u00fcsna pikaks. Sibula suurus 20+.<\/p>","protected":false},"featured_media":10124,"template":"","meta":[],"product_brand":[],"product_cat":[4403,4415,4414,4413,4401,4391,22],"product_tag":[9454,9626],"class_list":{"0":"post-10123","1":"product","2":"type-product","3":"status-publish","4":"has-post-thumbnail","6":"product_cat-kodu","7":"product_cat-lilleaed","8":"product_cat-lohnaaed","9":"product_cat-loikelilleaed","10":"product_cat-pusikud","11":"product_cat-sibullilled","12":"product_cat-taimed","13":"product_tag-idahubriid-liilia","14":"product_tag-soodushind-70","15":"pa_lohn-orn","16":"pa_moodud-k-100-150-cm","17":"pa_oie-varv-valge","18":"pa_oitsemise-aeg-august","19":"pa_variatsioon-sibul-ainult-kevadel","20":"pa_variatsioon-suurem-pott","22":"first","23":"instock","24":"sale","25":"taxable","26":"shipping-taxable","27":"purchasable","28":"product-type-variable"},"acf":[],"_links":{"self":[{"href":"https:\/\/dev.garden.ee\/en\/wp-json\/wp\/v2\/product\/10123","targetHints":{"allow":["GET"]}}],"collection":[{"href":"https:\/\/dev.garden.ee\/en\/wp-json\/wp\/v2\/product"}],"about":[{"href":"https:\/\/dev.garden.ee\/en\/wp-json\/wp\/v2\/types\/product"}],"wp:featuredmedia":[{"embeddable":true,"href":"https:\/\/dev.garden.ee\/en\/wp-json\/wp\/v2\/media\/10124"}],"wp:attachment":[{"href":"https:\/\/dev.garden.ee\/en\/wp-json\/wp\/v2\/media?parent=10123"}],"wp:term":[{"taxonomy":"product_brand","embeddable":true,"href":"https:\/\/dev.garden.ee\/en\/wp-json\/wp\/v2\/product_brand?post=10123"},{"taxonomy":"product_cat","embeddable":true,"href":"https:\/\/dev.garden.ee\/en\/wp-json\/wp\/v2\/product_cat?post=10123"},{"taxonomy":"product_tag","embeddable":true,"href":"https:\/\/dev.garden.ee\/en\/wp-json\/wp\/v2\/product_tag?post=10123"}],"curies":[{"name":"wp","href":"https:\/\/api.w.org\/{rel}","templated":true}]}}