{"id":10118,"date":"2023-01-18T18:26:06","date_gmt":"2023-01-18T16:26:06","guid":{"rendered":"https:\/\/dev.zezz.ee\/garden\/toode\/lugdunum\/"},"modified":"2026-02-06T20:10:52","modified_gmt":"2026-02-06T18:10:52","slug":"lugdunum","status":"publish","type":"product","link":"https:\/\/dev.garden.ee\/en\/product\/lugdunum\/","title":{"rendered":"Lugdunum\u00ae"},"content":{"rendered":"<input class=\"fooboxshare_post_id\" type=\"hidden\" value=\"10118\"\/>","protected":false},"excerpt":{"rendered":"<p>Huvitava lillakasroosa tooniga teeh\u00fcbriidroos. Suure palavusega pleegib \u00f5ietoon hallikaks, mis loob roosile v\u00e4ga erilise moderse ilme. \u00d5itseb korduvalt ja k\u00fclluslikult, \u00f5ied p\u00fcsivad kaua. Suured (12cm) \u00f5ied, kuni 55 kroonlehte, tugevalt aromaatsed. L\u00f5hn on joovastav, roosi ja tsitruseliste nootidega. Keskmise kasvuga laiem p\u00f5\u00f5sas, suured tumerohelised, matid ja okkalised lehed.<\/p>\n<p>Sort, mis austab Lyoni ajalugu, topelt sirelilillade \u00f5ite ja joovastava l\u00f5hnaga.<\/p>","protected":false},"featured_media":10119,"template":"","meta":[],"product_brand":[],"product_cat":[4415,4414,4416,4402,22],"product_tag":[9417],"class_list":{"0":"post-10118","1":"product","2":"type-product","3":"status-publish","4":"has-post-thumbnail","6":"product_cat-lilleaed","7":"product_cat-lohnaaed","8":"product_cat-roosiaed","9":"product_cat-roosid","10":"product_cat-taimed","11":"product_tag-soodushind-50","12":"pa_aretus-pierre-orard","13":"pa_avalikustamisaasta-330","14":"pa_haiguskindlus-hea","15":"pa_kasvukorgus-80-cm","16":"pa_laius-50-cm","17":"pa_lisainfo-sobib-lohnaaeda","18":"pa_lohn-tugev","19":"pa_oie-suurus-suur","20":"pa_oie-varv-lillakashall","21":"pa_oie-varv-sirelililla","22":"pa_oietuup-taidisois","23":"pa_oitsemine-korduvalt-oitsev","24":"pa_sort-teehubriidroos","25":"pa_taimede-arvestus-ruutmeetri-4-5","26":"pa_talvekindlus-hea","27":"pa_variatsioon-paljasjuurne-ainult-kevadel","28":"pa_variatsioon-potis-4-6l","29":"pa_variatsioon-potis-4-6l-suvel-ja-sugisel","31":"first","32":"outofstock","33":"sale","34":"purchasable","35":"product-type-variable"},"acf":[],"_links":{"self":[{"href":"https:\/\/dev.garden.ee\/en\/wp-json\/wp\/v2\/product\/10118","targetHints":{"allow":["GET"]}}],"collection":[{"href":"https:\/\/dev.garden.ee\/en\/wp-json\/wp\/v2\/product"}],"about":[{"href":"https:\/\/dev.garden.ee\/en\/wp-json\/wp\/v2\/types\/product"}],"wp:featuredmedia":[{"embeddable":true,"href":"https:\/\/dev.garden.ee\/en\/wp-json\/wp\/v2\/media\/10119"}],"wp:attachment":[{"href":"https:\/\/dev.garden.ee\/en\/wp-json\/wp\/v2\/media?parent=10118"}],"wp:term":[{"taxonomy":"product_brand","embeddable":true,"href":"https:\/\/dev.garden.ee\/en\/wp-json\/wp\/v2\/product_brand?post=10118"},{"taxonomy":"product_cat","embeddable":true,"href":"https:\/\/dev.garden.ee\/en\/wp-json\/wp\/v2\/product_cat?post=10118"},{"taxonomy":"product_tag","embeddable":true,"href":"https:\/\/dev.garden.ee\/en\/wp-json\/wp\/v2\/product_tag?post=10118"}],"curies":[{"name":"wp","href":"https:\/\/api.w.org\/{rel}","templated":true}]}}