{"id":10113,"date":"2023-01-18T18:26:02","date_gmt":"2023-01-18T16:26:02","guid":{"rendered":"https:\/\/dev.zezz.ee\/garden\/toode\/lemon-fizz-50\/"},"modified":"2026-02-06T17:53:39","modified_gmt":"2026-02-06T15:53:39","slug":"lemon-fizz","status":"publish","type":"product","link":"https:\/\/dev.garden.ee\/en\/product\/lemon-fizz\/","title":{"rendered":"Lemon Fizz\u00ae"},"content":{"rendered":"<input class=\"fooboxshare_post_id\" type=\"hidden\" value=\"10113\"\/>","protected":false},"excerpt":{"rendered":"<p>V\u00e4ike, p\u00fcstine roosip\u00f5\u00f5sas kirkav\u00e4rviliste poolt\u00e4idlaste \u00f5itega (6-7cm) ja samav\u00e4rvilise s\u00fcdamikuga.<\/p>\n<p>Kuumakindel ja stabiilse v\u00e4rvusega, mist\u00f5ttu sobib h\u00e4sti istutuskastides kasvatamiseks r\u00f5dudel ja terrassidel. Sobib ka suurep\u00e4raselt mesilastele korjealaks. Efektne massistutuses kui ka peenra\u00e4\u00e4ristajana.<\/p>\n<p>\u00dclimalt terve lehestik on p\u00e4lvinud ADR tunnuse. P\u00e4lvinud auhindu ka rahvusvahelistel roosiv\u00f5istlustel.<\/p>","protected":false},"featured_media":10114,"template":"","meta":[],"product_brand":[],"product_cat":[9637,4415,6934,9550,4416,4402,22],"product_tag":[9418],"class_list":{"0":"post-10113","1":"product","2":"type-product","3":"status-publish","4":"has-post-thumbnail","6":"product_cat-istutuskast","7":"product_cat-lilleaed","8":"product_cat-mesilassobralik-aed","9":"product_cat-rodu-ja-terrass","10":"product_cat-roosiaed","11":"product_cat-roosid","12":"product_cat-taimed","13":"product_tag-adr-roos","14":"pa_adr-9768","15":"pa_aretus-w-kordes-sohne","16":"pa_avalikustamisaasta-saksamaa-2017","17":"pa_haiguskindlus-vaga-hea","18":"pa_kasvukorgus-80-cm","19":"pa_kollektsioon-sunflare","20":"pa_laius-50-cm","21":"pa_lisainfo-mesilaste-lemmik","22":"pa_lisainfo-sobilik-istutuskasti-jaoks","23":"pa_lohn-orn","24":"pa_oie-suurus-keskmine","25":"pa_oie-varv-kollane","26":"pa_oietuup-pooltaidisois","27":"pa_oitsemine-korduvalt-oitsev","28":"pa_sort-vaikepoosas","29":"pa_taimede-arvestus-ruutmeetri-3-4","30":"pa_talvekindlus-vaga-hea","31":"pa_variatsioon-potis-2l-kevadel","32":"pa_variatsioon-potis-4-6l","34":"first","35":"outofstock","36":"purchasable","37":"product-type-variable"},"acf":[],"_links":{"self":[{"href":"https:\/\/dev.garden.ee\/en\/wp-json\/wp\/v2\/product\/10113","targetHints":{"allow":["GET"]}}],"collection":[{"href":"https:\/\/dev.garden.ee\/en\/wp-json\/wp\/v2\/product"}],"about":[{"href":"https:\/\/dev.garden.ee\/en\/wp-json\/wp\/v2\/types\/product"}],"wp:featuredmedia":[{"embeddable":true,"href":"https:\/\/dev.garden.ee\/en\/wp-json\/wp\/v2\/media\/10114"}],"wp:attachment":[{"href":"https:\/\/dev.garden.ee\/en\/wp-json\/wp\/v2\/media?parent=10113"}],"wp:term":[{"taxonomy":"product_brand","embeddable":true,"href":"https:\/\/dev.garden.ee\/en\/wp-json\/wp\/v2\/product_brand?post=10113"},{"taxonomy":"product_cat","embeddable":true,"href":"https:\/\/dev.garden.ee\/en\/wp-json\/wp\/v2\/product_cat?post=10113"},{"taxonomy":"product_tag","embeddable":true,"href":"https:\/\/dev.garden.ee\/en\/wp-json\/wp\/v2\/product_tag?post=10113"}],"curies":[{"name":"wp","href":"https:\/\/api.w.org\/{rel}","templated":true}]}}