{"id":10108,"date":"2023-01-18T18:25:58","date_gmt":"2023-01-18T16:25:58","guid":{"rendered":"https:\/\/dev.zezz.ee\/garden\/toode\/james-l-austin\/"},"modified":"2026-02-05T11:42:42","modified_gmt":"2026-02-05T09:42:42","slug":"james-l-austin","status":"publish","type":"product","link":"https:\/\/dev.garden.ee\/en\/product\/james-l-austin\/","title":{"rendered":"James L. Austin"},"content":{"rendered":"<input class=\"fooboxshare_post_id\" type=\"hidden\" value=\"10108\"\/>","protected":false},"excerpt":{"rendered":"<p>Vana roosi inglise h\u00fcbriid. Suured rosetikujulised \u00f5ied, millel on nupuline s\u00fcdamik. Fuksiapunased roseti\u00f5ied l\u00f5hnavad magusalt tumedate puuviljade j\u00e4rele ning \u00f5itsevad k\u00fclluslikult ja korduvalt. \u00d5rnas ja meeldivas aroomis on \u00e4ratuntavad must s\u00f5star, p\u00f5ldmari, vaarikas,\u00a0 kirss, v\u00e4ikse sidrunikoore ja mandli vihjega. \u00d5ied ei karda vihma, t\u00e4ielikult avanenud \u00f5iel on n\u00e4ha kollakat s\u00fcdamikku. P\u00f5\u00f5sas on kompaktne, p\u00fcstine, lehed tumerohelised, kerge l\u00e4ikega ja \u00fclimalt terved.<\/p>\n<p>Sort on nimetatud David Austini vanema poja David Austin Senior ja venna David Austin Junior auks.<\/p>","protected":false},"featured_media":10109,"template":"","meta":[],"product_brand":[],"product_cat":[4395,9637,4415,4416,4402,22],"product_tag":[],"class_list":{"0":"post-10108","1":"product","2":"type-product","3":"status-publish","4":"has-post-thumbnail","6":"product_cat-hekid","7":"product_cat-istutuskast","8":"product_cat-lilleaed","9":"product_cat-roosiaed","10":"product_cat-roosid","11":"product_cat-taimed","12":"pa_aretus-david-austin","13":"pa_avalikustamisaasta-uhendkuningriik-2017","14":"pa_haiguskindlus-vaga-hea","15":"pa_kasvukorgus-100-130-cm","16":"pa_laius-75-90-cm","17":"pa_lisainfo-ideaalne-heki-loomiseks","18":"pa_lisainfo-sobilik-istutuskasti-jaoks","19":"pa_lohn-keskmine","20":"pa_lohn-puuviljane","21":"pa_oie-suurus-keskmine","22":"pa_oie-varv-purpurne","23":"pa_oie-varv-roosa","24":"pa_oietuup-taidisois","25":"pa_oitsemine-korduvalt-oitsev","26":"pa_sort-poosasroos","27":"pa_taimede-arvestus-ruutmeetri-1-2","28":"pa_talvekindlus-hea","29":"pa_variatsioon-paljasjuurne-ainult-kevadel","30":"pa_variatsioon-potis-4-6l-suvel-ja-sugisel","32":"first","33":"outofstock","34":"purchasable","35":"product-type-variable"},"acf":[],"_links":{"self":[{"href":"https:\/\/dev.garden.ee\/en\/wp-json\/wp\/v2\/product\/10108","targetHints":{"allow":["GET"]}}],"collection":[{"href":"https:\/\/dev.garden.ee\/en\/wp-json\/wp\/v2\/product"}],"about":[{"href":"https:\/\/dev.garden.ee\/en\/wp-json\/wp\/v2\/types\/product"}],"wp:featuredmedia":[{"embeddable":true,"href":"https:\/\/dev.garden.ee\/en\/wp-json\/wp\/v2\/media\/10109"}],"wp:attachment":[{"href":"https:\/\/dev.garden.ee\/en\/wp-json\/wp\/v2\/media?parent=10108"}],"wp:term":[{"taxonomy":"product_brand","embeddable":true,"href":"https:\/\/dev.garden.ee\/en\/wp-json\/wp\/v2\/product_brand?post=10108"},{"taxonomy":"product_cat","embeddable":true,"href":"https:\/\/dev.garden.ee\/en\/wp-json\/wp\/v2\/product_cat?post=10108"},{"taxonomy":"product_tag","embeddable":true,"href":"https:\/\/dev.garden.ee\/en\/wp-json\/wp\/v2\/product_tag?post=10108"}],"curies":[{"name":"wp","href":"https:\/\/api.w.org\/{rel}","templated":true}]}}