{"id":10094,"date":"2023-01-18T18:25:49","date_gmt":"2023-01-18T16:25:49","guid":{"rendered":"https:\/\/dev.zezz.ee\/garden\/toode\/cyclamen-pierre-de-ronsard\/"},"modified":"2026-02-09T17:54:09","modified_gmt":"2026-02-09T15:54:09","slug":"cyclamen-pierre-de-ronsard","status":"publish","type":"product","link":"https:\/\/dev.garden.ee\/en\/product\/cyclamen-pierre-de-ronsard\/","title":{"rendered":"Pink Eden Rose\u00ae \/ Cyclamen Pierre de Ronsard\u00ae"},"content":{"rendered":"<input class=\"fooboxshare_post_id\" type=\"hidden\" value=\"10094\"\/>","protected":false},"excerpt":{"rendered":"<p>Kauni Pierre de Ronsard roniroosi s\u00e4ravroosa \u00f5de. \u00d5ied meenutavad vanu roose, \u00fcmarad ja suured (11-12cm), \u00fclimalt t\u00e4idetud (kuni 70 kroonlehte). Paksude kroonlehtedega, mis taluvad karmi ilma, tagades aias varakult pikaajalise \u00f5itsemise kuni k\u00fclmadeni. Vaarikatooni tumeroosad pungad avanevad kausja kujuga \u00f5iteks, roosa muutub j\u00e4rk-j\u00e4rgult heledamaks v\u00e4limiste kroonlehtede poole, alt on kroonlehed h\u00f5beda varjundiga. Tumeroheline ja l\u00e4ikiv lehestik.<\/p>\n<p>Roos on kerge aroomiga, seega sobib ideaalselt vaasidesse ja kimpudesse. Sobib kasutamiseks veel pergolatel, m\u00fc\u00fcride, kaarte v\u00f5i seinte kaunistamiseks ning isegi iseseisva isendina, et lisada lillepeenardele elegantset vertikaalsust.<\/p>\n<p>Roosisordi avastajaks peetakse Reg Tomerlini, roos on tuntud ka avastava ema Margaret Mae nime all. USAs on roos enamasti tuntud nimega Pretty in Pink Eden, Euroopas luuletaja Pierre De Ronsardi j\u00e4rgi Cyclamen Pierre de Ronsard.<\/p>\n<p><span style=\"color: #ff0000;\">ETTETELLIMINE, V\u00c4LJASTAMINE APRILLI KESKPAIGAST<\/span><\/p>","protected":false},"featured_media":10095,"template":"","meta":[],"product_brand":[],"product_cat":[4415,4413,4397,4416,4402,22],"product_tag":[],"class_list":{"0":"post-10094","1":"product","2":"type-product","3":"status-publish","4":"has-post-thumbnail","6":"product_cat-lilleaed","7":"product_cat-loikelilleaed","8":"product_cat-ronitaimed","9":"product_cat-roosiaed","10":"product_cat-roosid","11":"product_cat-taimed","12":"pa_aretus-meilland","13":"pa_avalikustamisaasta-2389","14":"pa_haiguskindlus-vaga-hea","15":"pa_kasvukorgus-250-300-cm","16":"pa_laius-150-200-cm","17":"pa_lisainfo-ronitaim","18":"pa_lisainfo-sobib-loikelilleks","19":"pa_lohn-orn","20":"pa_oie-suurus-suur","21":"pa_oie-varv-roosa","22":"pa_oietuup-taidisois","23":"pa_oitsemine-korduvalt-oitsev","24":"pa_sort-roniroos","25":"pa_taimede-arvestus-ruutmeetri-9220","26":"pa_talvekindlus-vaga-hea","27":"pa_variatsioon-paljasjuurne-ainult-kevadel","28":"pa_variatsioon-potis-4-6l-suvel-ja-sugisel","30":"first","31":"outofstock","32":"purchasable","33":"product-type-variable"},"acf":[],"_links":{"self":[{"href":"https:\/\/dev.garden.ee\/en\/wp-json\/wp\/v2\/product\/10094","targetHints":{"allow":["GET"]}}],"collection":[{"href":"https:\/\/dev.garden.ee\/en\/wp-json\/wp\/v2\/product"}],"about":[{"href":"https:\/\/dev.garden.ee\/en\/wp-json\/wp\/v2\/types\/product"}],"wp:featuredmedia":[{"embeddable":true,"href":"https:\/\/dev.garden.ee\/en\/wp-json\/wp\/v2\/media\/10095"}],"wp:attachment":[{"href":"https:\/\/dev.garden.ee\/en\/wp-json\/wp\/v2\/media?parent=10094"}],"wp:term":[{"taxonomy":"product_brand","embeddable":true,"href":"https:\/\/dev.garden.ee\/en\/wp-json\/wp\/v2\/product_brand?post=10094"},{"taxonomy":"product_cat","embeddable":true,"href":"https:\/\/dev.garden.ee\/en\/wp-json\/wp\/v2\/product_cat?post=10094"},{"taxonomy":"product_tag","embeddable":true,"href":"https:\/\/dev.garden.ee\/en\/wp-json\/wp\/v2\/product_tag?post=10094"}],"curies":[{"name":"wp","href":"https:\/\/api.w.org\/{rel}","templated":true}]}}