{"id":10038,"date":"2023-01-18T18:25:14","date_gmt":"2023-01-18T16:25:14","guid":{"rendered":"https:\/\/dev.zezz.ee\/garden\/toode\/marondo\/"},"modified":"2026-02-07T14:11:47","modified_gmt":"2026-02-07T12:11:47","slug":"marondo","status":"publish","type":"product","link":"https:\/\/dev.garden.ee\/en\/product\/marondo\/","title":{"rendered":"Marondo\u00ae"},"content":{"rendered":"<input class=\"fooboxshare_post_id\" type=\"hidden\" value=\"10038\"\/>","protected":false},"excerpt":{"rendered":"<p>Madalakasvuline, tugev ja laiuv p\u00f5\u00f5sas velvetpunaste (5-6cm) \u00f5itega. Kollase s\u00fcdamikuga poolt\u00e4idis\u00f5ied peavad vihmale v\u00e4ga h\u00e4sti vastu ja on kuumakindlad. \u00d5itseb rikkalikult ja korduvalt. Lehed v\u00e4iksemad, tumerohelised ja l\u00e4ikivad, v\u00e4ga hea tervisega. Talub poolvarju.<\/p>\n<p>Sobib h\u00e4sti massistutusse nii pinnakatteks kui ka peenarde \u00e4\u00e4ristuseks eraaedadesse v\u00f5i avalikesse haljasaladele. Lisaks kibuvitsa kasvatamiseks ja mesilastele karjamaaks.<\/p>","protected":false},"featured_media":10039,"template":"","meta":[],"product_brand":[],"product_cat":[4415,9702,6934,4406,9550,4416,4402,22],"product_tag":[9417],"class_list":{"0":"post-10038","1":"product","2":"type-product","3":"status-publish","4":"has-post-thumbnail","6":"product_cat-lilleaed","7":"product_cat-linnaaed","8":"product_cat-mesilassobralik-aed","9":"product_cat-park","10":"product_cat-rodu-ja-terrass","11":"product_cat-roosiaed","12":"product_cat-roosid","13":"product_cat-taimed","14":"product_tag-soodushind-50","15":"pa_aretus-w-kordes-sohne","16":"pa_avalikustamisaasta-saksamaa-2017","17":"pa_haiguskindlus-vaga-hea","18":"pa_kasvukorgus-50-80-cm","19":"pa_kollektsioon-sunflare","20":"pa_laius-60-cm","21":"pa_lisainfo-dekoratiivsed-viljad","22":"pa_lisainfo-sobib-osalise-varjuga-kasvualale","23":"pa_lisainfo-talvine-ponevus","24":"pa_lohn-orn","25":"pa_oie-suurus-keskmine","26":"pa_oie-varv-velvetpunane","27":"pa_oietuup-pooltaidisois","28":"pa_oitsemine-korduvalt-oitsev","29":"pa_sort-floribund-ehk-paljuoieline-roos","30":"pa_taimede-arvestus-ruutmeetri-3-4","31":"pa_talvekindlus-hea","32":"pa_variatsioon-potis-2l-kevadel","33":"pa_variatsioon-tuviroos-potis-5l","34":"pa_variatsioon-tuviroos-potis-suvel-ja-sugisel","36":"first","37":"outofstock","38":"sale","39":"purchasable","40":"product-type-variable"},"acf":[],"_links":{"self":[{"href":"https:\/\/dev.garden.ee\/en\/wp-json\/wp\/v2\/product\/10038","targetHints":{"allow":["GET"]}}],"collection":[{"href":"https:\/\/dev.garden.ee\/en\/wp-json\/wp\/v2\/product"}],"about":[{"href":"https:\/\/dev.garden.ee\/en\/wp-json\/wp\/v2\/types\/product"}],"wp:featuredmedia":[{"embeddable":true,"href":"https:\/\/dev.garden.ee\/en\/wp-json\/wp\/v2\/media\/10039"}],"wp:attachment":[{"href":"https:\/\/dev.garden.ee\/en\/wp-json\/wp\/v2\/media?parent=10038"}],"wp:term":[{"taxonomy":"product_brand","embeddable":true,"href":"https:\/\/dev.garden.ee\/en\/wp-json\/wp\/v2\/product_brand?post=10038"},{"taxonomy":"product_cat","embeddable":true,"href":"https:\/\/dev.garden.ee\/en\/wp-json\/wp\/v2\/product_cat?post=10038"},{"taxonomy":"product_tag","embeddable":true,"href":"https:\/\/dev.garden.ee\/en\/wp-json\/wp\/v2\/product_tag?post=10038"}],"curies":[{"name":"wp","href":"https:\/\/api.w.org\/{rel}","templated":true}]}}