{"id":1002,"date":"2023-01-18T16:59:35","date_gmt":"2023-01-18T14:59:35","guid":{"rendered":"https:\/\/dev.zezz.ee\/garden\/toode\/sexy-perfumella-velasques\/"},"modified":"2026-02-09T12:56:13","modified_gmt":"2026-02-09T10:56:13","slug":"sexy-perfumella-velasques","status":"publish","type":"product","link":"https:\/\/dev.garden.ee\/en\/product\/sexy-perfumella-velasques\/","title":{"rendered":"Sexy Perfumella\u00ae \/ Velasques\u00ae"},"content":{"rendered":"<input class=\"fooboxshare_post_id\" type=\"hidden\" value=\"1002\"\/>","protected":false},"excerpt":{"rendered":"<p>\u00dclisuured (13 cm), t\u00e4idetud (44 kroonlehega), kausjad \u00f5ied on v\u00e4ga originaalsed oma raskesti m\u00e4\u00e4ratleva tumeroosa- lillaka kuni kirsipunaste toonide poolest, millel on sirelililla alatoon. Omavad ka ainulaadset kroonlehtede reljeefi ja lummavad oma tugeva iidse teeroosi l\u00f5hnaga. Regulaarselt \u00f5ites terve suve. V\u00e4ga v\u00f5imsa kasvuga, p\u00fcstine, l\u00e4ikiva tumerohelise lehestikuga ja erakordselt haiguskindel.<\/p>\n<p>Sobib ideaalselt \u00e4\u00e4ristele, hekkidele v\u00f5i l\u00f5ikelillepeenardele.<\/p>\n<p>P\u00fchendatud Hispaania suurkunstniku Diego Vel\u00e1zqueze auks.<\/p>\n<p><span style=\"color: #ff0000;\">ETTETELLIMINE, V\u00c4LJASTAMINE ALATES APRILLI KESKPAIGAST<\/span><\/p>","protected":false},"featured_media":25080,"template":"","meta":[],"product_brand":[],"product_cat":[4395,4415,4414,4413,4416,4402,22],"product_tag":[],"class_list":{"0":"post-1002","1":"product","2":"type-product","3":"status-publish","4":"has-post-thumbnail","6":"product_cat-hekid","7":"product_cat-lilleaed","8":"product_cat-lohnaaed","9":"product_cat-loikelilleaed","10":"product_cat-roosiaed","11":"product_cat-roosid","12":"product_cat-taimed","13":"pa_aretus-meilland","14":"pa_avalikustamisaasta-299","15":"pa_haiguskindlus-vaga-hea","16":"pa_kasvukorgus-120-150-cm","17":"pa_laius-50-cm","18":"pa_lisainfo-ideaalne-heki-loomiseks","19":"pa_lisainfo-sobib-lohnaaeda","20":"pa_lisainfo-sobib-loikelilleks","21":"pa_lohn-tugev","22":"pa_oie-suurus-ulisuur","23":"pa_oie-varv-magenta","24":"pa_oietuup-taidisois","25":"pa_oitsemine-korduvalt-oitsev","26":"pa_sort-teehubriidroos","27":"pa_taimede-arvestus-ruutmeetri-4-5","28":"pa_talvekindlus-keskmine","29":"pa_variatsioon-paljasjuurne-ainult-kevadel","30":"pa_variatsioon-potis-4-6l-suvel-ja-sugisel","32":"first","33":"outofstock","34":"purchasable","35":"product-type-variable"},"acf":[],"_links":{"self":[{"href":"https:\/\/dev.garden.ee\/en\/wp-json\/wp\/v2\/product\/1002","targetHints":{"allow":["GET"]}}],"collection":[{"href":"https:\/\/dev.garden.ee\/en\/wp-json\/wp\/v2\/product"}],"about":[{"href":"https:\/\/dev.garden.ee\/en\/wp-json\/wp\/v2\/types\/product"}],"wp:featuredmedia":[{"embeddable":true,"href":"https:\/\/dev.garden.ee\/en\/wp-json\/wp\/v2\/media\/25080"}],"wp:attachment":[{"href":"https:\/\/dev.garden.ee\/en\/wp-json\/wp\/v2\/media?parent=1002"}],"wp:term":[{"taxonomy":"product_brand","embeddable":true,"href":"https:\/\/dev.garden.ee\/en\/wp-json\/wp\/v2\/product_brand?post=1002"},{"taxonomy":"product_cat","embeddable":true,"href":"https:\/\/dev.garden.ee\/en\/wp-json\/wp\/v2\/product_cat?post=1002"},{"taxonomy":"product_tag","embeddable":true,"href":"https:\/\/dev.garden.ee\/en\/wp-json\/wp\/v2\/product_tag?post=1002"}],"curies":[{"name":"wp","href":"https:\/\/api.w.org\/{rel}","templated":true}]}}